{"id":3522,"date":"2025-11-18T05:23:02","date_gmt":"2025-11-18T05:23:02","guid":{"rendered":"https:\/\/thvietnamagrifruit.com\/?post_type=product&#038;p=3522"},"modified":"2025-11-26T09:11:26","modified_gmt":"2025-11-26T09:11:26","slug":"chuoi-say-gion","status":"publish","type":"product","link":"https:\/\/thvietnamagrifruit.com\/vi\/chuoi-say-gion\/","title":{"rendered":"Chu\u1ed1i s\u1ea5y gi\u00f2n"},"content":{"rendered":"<p>N\u1ed9i dung \u0111ang \u0111\u01b0\u1ee3c c\u1eadp nh\u1eadt\u2026<\/p>\n\n    <div class=\"xs_social_share_widget xs_share_url after_content \t\tmain_content  wslu-style-1 wslu-share-box-shaped wslu-fill-colored wslu-none wslu-share-horizontal wslu-theme-font-no wslu-main_content\">\n\n\t\t\n        <ul>\n\t\t\t        <\/ul>\n    <\/div>","protected":false},"excerpt":{"rendered":"<p>Chu\u1ed1i s\u1ea5y gi\u00f2n t\u1eeb TH Global Vietnam \u0111\u01b0\u1ee3c l\u00e0m t\u1eeb chu\u1ed1i t\u01b0\u01a1i ch\u00edn tr\u00ean c\u00e2y, \u0111\u01b0\u1ee3c ch\u1ecdn l\u1ecdc k\u1ef9 c\u00e0ng t\u1eeb c\u00e1c v\u00f9ng tr\u1ed3ng s\u1ea1ch tr\u00ean kh\u1eafp Vi\u1ec7t Nam. S\u1eed d\u1ee5ng c\u00f4ng ngh\u1ec7 s\u1ea5y gi\u00f2n ti\u00ean ti\u1ebfn, m\u1ed7i l\u00e1t chu\u1ed1i tr\u1edf n\u00ean v\u00e0ng gi\u00f2n, \u0111\u1ed3ng th\u1eddi gi\u1eef \u0111\u01b0\u1ee3c v\u1ecb ng\u1ecdt t\u1ef1 nhi\u00ean v\u00e0 h\u01b0\u01a1ng th\u01a1m \u0111\u1eb7c tr\u01b0ng c\u1ee7a chu\u1ed1i ch\u00edn.<\/p>","protected":false},"featured_media":3523,"comment_status":"closed","ping_status":"closed","template":"","meta":{"_acf_changed":false},"product_brand":[],"product_cat":[42,35],"product_tag":[],"class_list":{"0":"post-3522","1":"product","2":"type-product","3":"status-publish","4":"has-post-thumbnail","6":"product_cat-crispy-dried-fruits","7":"product_cat-dried-fruits","9":"first","10":"instock","11":"shipping-taxable","12":"purchasable","13":"product-type-simple"},"acf":[],"rankmath_keywords":{"primary":"","secondary":[""]},"yoast_keywords":{"primary":"","secondary":[]},"yoast_focuskw":"","rankmath_focuskw":"","seo_keywords":{"primary":"","secondary":[""]},"_links":{"self":[{"href":"https:\/\/thvietnamagrifruit.com\/vi\/wp-json\/wp\/v2\/product\/3522","targetHints":{"allow":["GET"]}}],"collection":[{"href":"https:\/\/thvietnamagrifruit.com\/vi\/wp-json\/wp\/v2\/product"}],"about":[{"href":"https:\/\/thvietnamagrifruit.com\/vi\/wp-json\/wp\/v2\/types\/product"}],"replies":[{"embeddable":true,"href":"https:\/\/thvietnamagrifruit.com\/vi\/wp-json\/wp\/v2\/comments?post=3522"}],"wp:featuredmedia":[{"embeddable":true,"href":"https:\/\/thvietnamagrifruit.com\/vi\/wp-json\/wp\/v2\/media\/3523"}],"wp:attachment":[{"href":"https:\/\/thvietnamagrifruit.com\/vi\/wp-json\/wp\/v2\/media?parent=3522"}],"wp:term":[{"taxonomy":"product_brand","embeddable":true,"href":"https:\/\/thvietnamagrifruit.com\/vi\/wp-json\/wp\/v2\/product_brand?post=3522"},{"taxonomy":"product_cat","embeddable":true,"href":"https:\/\/thvietnamagrifruit.com\/vi\/wp-json\/wp\/v2\/product_cat?post=3522"},{"taxonomy":"product_tag","embeddable":true,"href":"https:\/\/thvietnamagrifruit.com\/vi\/wp-json\/wp\/v2\/product_tag?post=3522"}],"curies":[{"name":"wp","href":"https:\/\/api.w.org\/{rel}","templated":true}]}}