{"id":3778,"date":"2025-12-02T04:35:49","date_gmt":"2025-12-02T04:35:49","guid":{"rendered":"https:\/\/thvietnamagrifruit.com\/?post_type=product&#038;p=3778"},"modified":"2025-12-02T04:36:21","modified_gmt":"2025-12-02T04:36:21","slug":"nuoc-ep-dua","status":"publish","type":"product","link":"https:\/\/thvietnamagrifruit.com\/vi\/nuoc-ep-dua\/","title":{"rendered":"N\u01b0\u1edbc \u00e9p d\u1ee9a"},"content":{"rendered":"<p>N\u1ed9i dung \u0111ang \u0111\u01b0\u1ee3c c\u1eadp nh\u1eadt\u2026<\/p>\n\n    <div class=\"xs_social_share_widget xs_share_url after_content \t\tmain_content  wslu-style-1 wslu-share-box-shaped wslu-fill-colored wslu-none wslu-share-horizontal wslu-theme-font-no wslu-main_content\">\n\n\t\t\n        <ul>\n\t\t\t        <\/ul>\n    <\/div>","protected":false},"excerpt":{"rendered":"<p>N\u01b0\u1edbc \u00e9p d\u1ee9a t\u1eeb TH Agri Vi\u1ec7t Nam \u0111\u01b0\u1ee3c l\u00e0m t\u1eeb d\u1ee9a ch\u00edn m\u1ecdng, t\u01b0\u01a1i ngon 100% \u0111\u01b0\u1ee3c ch\u1ecdn l\u1ecdc k\u1ef9 c\u00e0ng t\u1eeb c\u00e1c v\u00f9ng tr\u1ed3ng \u0111\u01b0\u1ee3c ch\u1ee9ng nh\u1eadn t\u1ea1i Vi\u1ec7t Nam. S\u1ea3n ph\u1ea9m gi\u1eef nguy\u00ean h\u01b0\u01a1ng th\u01a1m t\u01b0\u01a1i m\u00e1t, v\u1ecb ng\u1ecdt chua c\u00e2n b\u1eb1ng ho\u00e0n h\u1ea3o v\u00e0 m\u00e0u v\u00e0ng t\u1ef1 nhi\u00ean, mang \u0111\u1ebfn tr\u1ea3i nghi\u1ec7m \u0111\u1ed3 u\u1ed1ng gi\u00e0u n\u0103ng l\u01b0\u1ee3ng nhi\u1ec7t \u0111\u1edbi s\u1ea3ng kho\u00e1i.<\/p>","protected":false},"featured_media":3779,"comment_status":"closed","ping_status":"closed","template":"","meta":{"_acf_changed":false},"product_brand":[],"product_cat":[58],"product_tag":[],"class_list":{"0":"post-3778","1":"product","2":"type-product","3":"status-publish","4":"has-post-thumbnail","6":"product_cat-fruit-juice","8":"first","9":"instock","10":"shipping-taxable","11":"purchasable","12":"product-type-simple"},"acf":[],"rankmath_keywords":{"primary":"","secondary":[""]},"yoast_keywords":{"primary":"","secondary":[]},"yoast_focuskw":"","rankmath_focuskw":"","seo_keywords":{"primary":"","secondary":[""]},"_links":{"self":[{"href":"https:\/\/thvietnamagrifruit.com\/vi\/wp-json\/wp\/v2\/product\/3778","targetHints":{"allow":["GET"]}}],"collection":[{"href":"https:\/\/thvietnamagrifruit.com\/vi\/wp-json\/wp\/v2\/product"}],"about":[{"href":"https:\/\/thvietnamagrifruit.com\/vi\/wp-json\/wp\/v2\/types\/product"}],"replies":[{"embeddable":true,"href":"https:\/\/thvietnamagrifruit.com\/vi\/wp-json\/wp\/v2\/comments?post=3778"}],"wp:featuredmedia":[{"embeddable":true,"href":"https:\/\/thvietnamagrifruit.com\/vi\/wp-json\/wp\/v2\/media\/3779"}],"wp:attachment":[{"href":"https:\/\/thvietnamagrifruit.com\/vi\/wp-json\/wp\/v2\/media?parent=3778"}],"wp:term":[{"taxonomy":"product_brand","embeddable":true,"href":"https:\/\/thvietnamagrifruit.com\/vi\/wp-json\/wp\/v2\/product_brand?post=3778"},{"taxonomy":"product_cat","embeddable":true,"href":"https:\/\/thvietnamagrifruit.com\/vi\/wp-json\/wp\/v2\/product_cat?post=3778"},{"taxonomy":"product_tag","embeddable":true,"href":"https:\/\/thvietnamagrifruit.com\/vi\/wp-json\/wp\/v2\/product_tag?post=3778"}],"curies":[{"name":"wp","href":"https:\/\/api.w.org\/{rel}","templated":true}]}}