{"id":3787,"date":"2025-12-02T05:04:45","date_gmt":"2025-12-02T05:04:45","guid":{"rendered":"https:\/\/thvietnamagrifruit.com\/?post_type=product&#038;p=3787"},"modified":"2025-12-02T05:04:46","modified_gmt":"2025-12-02T05:04:46","slug":"nuoc-ep-buoi","status":"publish","type":"product","link":"https:\/\/thvietnamagrifruit.com\/vi\/nuoc-ep-buoi\/","title":{"rendered":"N\u01b0\u1edbc \u00e9p b\u01b0\u1edfi"},"content":{"rendered":"<p>N\u1ed9i dung \u0111ang \u0111\u01b0\u1ee3c c\u1eadp nh\u1eadt\u2026<\/p>\n\n    <div class=\"xs_social_share_widget xs_share_url after_content \t\tmain_content  wslu-style-1 wslu-share-box-shaped wslu-fill-colored wslu-none wslu-share-horizontal wslu-theme-font-no wslu-main_content\">\n\n\t\t\n        <ul>\n\t\t\t        <\/ul>\n    <\/div>","protected":false},"excerpt":{"rendered":"<p>N\u01b0\u1edbc \u00e9p b\u01b0\u1edfi t\u1eeb TH Global Vietnam \u0111\u01b0\u1ee3c l\u00e0m t\u1eeb 100% qu\u1ea3 b\u01b0\u1edfi t\u01b0\u01a1i h\u00e1i t\u1eeb c\u00e1c v\u00f9ng chuy\u00ean canh n\u1ed5i ti\u1ebfng nh\u01b0 B\u1ebfn Tre, V\u0129nh Long v\u00e0 \u0110\u1ed3ng Nai. Nh\u1edd c\u00f4ng ngh\u1ec7 \u00e9p l\u1ea1nh v\u00e0 x\u1eed l\u00fd hi\u1ec7n \u0111\u1ea1i, s\u1ea3n ph\u1ea9m gi\u1eef \u0111\u01b0\u1ee3c h\u01b0\u01a1ng th\u01a1m \u0111\u1eb7c tr\u01b0ng c\u1ee7a qu\u1ea3, v\u1ecb ng\u1ecdt chua t\u1ef1 nhi\u00ean v\u00e0 m\u00e0u s\u1eafc t\u01b0\u01a1i m\u1edbi, tinh t\u1ebf.<\/p>","protected":false},"featured_media":3788,"comment_status":"closed","ping_status":"closed","template":"","meta":{"_acf_changed":false},"product_brand":[],"product_cat":[58],"product_tag":[],"class_list":{"0":"post-3787","1":"product","2":"type-product","3":"status-publish","4":"has-post-thumbnail","6":"product_cat-fruit-juice","8":"first","9":"instock","10":"shipping-taxable","11":"purchasable","12":"product-type-simple"},"acf":[],"rankmath_keywords":{"primary":"","secondary":[""]},"yoast_keywords":{"primary":"","secondary":[]},"yoast_focuskw":"","rankmath_focuskw":"","seo_keywords":{"primary":"","secondary":[""]},"_links":{"self":[{"href":"https:\/\/thvietnamagrifruit.com\/vi\/wp-json\/wp\/v2\/product\/3787","targetHints":{"allow":["GET"]}}],"collection":[{"href":"https:\/\/thvietnamagrifruit.com\/vi\/wp-json\/wp\/v2\/product"}],"about":[{"href":"https:\/\/thvietnamagrifruit.com\/vi\/wp-json\/wp\/v2\/types\/product"}],"replies":[{"embeddable":true,"href":"https:\/\/thvietnamagrifruit.com\/vi\/wp-json\/wp\/v2\/comments?post=3787"}],"wp:featuredmedia":[{"embeddable":true,"href":"https:\/\/thvietnamagrifruit.com\/vi\/wp-json\/wp\/v2\/media\/3788"}],"wp:attachment":[{"href":"https:\/\/thvietnamagrifruit.com\/vi\/wp-json\/wp\/v2\/media?parent=3787"}],"wp:term":[{"taxonomy":"product_brand","embeddable":true,"href":"https:\/\/thvietnamagrifruit.com\/vi\/wp-json\/wp\/v2\/product_brand?post=3787"},{"taxonomy":"product_cat","embeddable":true,"href":"https:\/\/thvietnamagrifruit.com\/vi\/wp-json\/wp\/v2\/product_cat?post=3787"},{"taxonomy":"product_tag","embeddable":true,"href":"https:\/\/thvietnamagrifruit.com\/vi\/wp-json\/wp\/v2\/product_tag?post=3787"}],"curies":[{"name":"wp","href":"https:\/\/api.w.org\/{rel}","templated":true}]}}